{"id":91,"date":"2015-05-10T11:45:54","date_gmt":"2015-05-10T09:45:54","guid":{"rendered":"http:\/\/www.hirmbar.ch\/leis\/?page_id=91"},"modified":"2015-05-10T11:45:54","modified_gmt":"2015-05-10T09:45:54","slug":"halli-hallo","status":"publish","type":"page","link":"https:\/\/xn--gschi-graa.ch\/?page_id=91","title":{"rendered":"Vals &#038; Leis"},"content":{"rendered":"<p><strong>Leis <\/strong><\/p>\n<p>Der kleine Weiler Leis liegt 5-10 Autominuten \u00fcberhalb des Dorfes Vals am S\u00fcdhang gelegen. Leis (vom Einheimischen als &#8222;Fleis&#8220; ausgesprochen) ist ein ganzj\u00e4hrig bewohnter Weiler mit mehreren urspr\u00fcnglichen und neuen Wohnh\u00e4usern, Landwirtschaftsgeb\u00e4uden und dem beliebten Restaurant <a href=\"http:\/\/www.ganni.ch\" target=\"_blank\" rel=\"noopener noreferrer\">Ganni<\/a>.<\/p>\n<p><strong>Anfahrt<\/strong><\/p>\n<p>Die Anfahrt nach Leis erfolgt durch das Dorf Vals hindurch und ist ganzj\u00e4hrig gew\u00e4hrleistet. Im Winter ist eine schneesichere Autoausr\u00fcstung oder 4&#215;4 empfohlen.<br \/>\nDer Anfahrtsweg f\u00fchrt im Dorf Vals an der Post vorbei immer geradeaus weiter am Schulhaus vorbei bis zur &#8222;Schniderhausbr\u00fccke&#8220;, welche nach links \u00fcber den Fluss abbiegt. Unmittelbar VOR der Br\u00fccke f\u00fchrt rechts weg die Strasse hinauf nach Leis (Wegweiser &#8222;Hof Leis&#8220;). In Leis steht den Mietern des G\u00e4\u00e4schi im Mietpreis inklusive ein gedeckter Autounterstand zur Verf\u00fcgung.<\/p>\n","protected":false},"excerpt":{"rendered":"<p>Leis Der kleine Weiler Leis liegt 5-10 Autominuten \u00fcberhalb des Dorfes Vals am S\u00fcdhang gelegen. Leis (vom Einheimischen als &#8222;Fleis&#8220; ausgesprochen) ist ein ganzj\u00e4hrig bewohnter Weiler mit mehreren urspr\u00fcnglichen und neuen Wohnh\u00e4usern, Landwirtschaftsgeb\u00e4uden und dem beliebten Restaurant Ganni. Anfahrt Die Anfahrt nach Leis erfolgt durch das Dorf Vals hindurch und&#8230;<\/p>\n","protected":false},"author":1,"featured_media":0,"parent":0,"menu_order":0,"comment_status":"closed","ping_status":"closed","template":"","meta":{"ngg_post_thumbnail":0,"footnotes":""},"class_list":["post-91","page","type-page","status-publish","hentry"],"_links":{"self":[{"href":"https:\/\/xn--gschi-graa.ch\/index.php?rest_route=\/wp\/v2\/pages\/91","targetHints":{"allow":["GET"]}}],"collection":[{"href":"https:\/\/xn--gschi-graa.ch\/index.php?rest_route=\/wp\/v2\/pages"}],"about":[{"href":"https:\/\/xn--gschi-graa.ch\/index.php?rest_route=\/wp\/v2\/types\/page"}],"author":[{"embeddable":true,"href":"https:\/\/xn--gschi-graa.ch\/index.php?rest_route=\/wp\/v2\/users\/1"}],"replies":[{"embeddable":true,"href":"https:\/\/xn--gschi-graa.ch\/index.php?rest_route=%2Fwp%2Fv2%2Fcomments&post=91"}],"version-history":[{"count":0,"href":"https:\/\/xn--gschi-graa.ch\/index.php?rest_route=\/wp\/v2\/pages\/91\/revisions"}],"wp:attachment":[{"href":"https:\/\/xn--gschi-graa.ch\/index.php?rest_route=%2Fwp%2Fv2%2Fmedia&parent=91"}],"curies":[{"name":"wp","href":"https:\/\/api.w.org\/{rel}","templated":true}]}}