{"id":43,"date":"2015-04-12T22:34:52","date_gmt":"2015-04-12T20:34:52","guid":{"rendered":"http:\/\/www.hirmbar.ch\/leis\/?page_id=43"},"modified":"2023-08-01T09:41:50","modified_gmt":"2023-08-01T09:41:50","slug":"1-2","status":"publish","type":"page","link":"https:\/\/xn--gschi-graa.ch\/?page_id=43","title":{"rendered":"G\u00e4\u00e4schi Leis"},"content":{"rendered":"<p><a href=\"http:\/\/www.g\u00e4\u00e4schi.ch\/wp-content\/uploads\/2021\/12\/IMG_2440-scaled.jpg\"><img loading=\"lazy\" decoding=\"async\" class=\"size-medium wp-image-385 alignleft\" src=\"https:\/\/xn--gschi-graa.ch\/wp-content\/uploads\/2023\/08\/IMG_2440-225x300.jpg\" alt=\"\" width=\"225\" height=\"300\" srcset=\"https:\/\/xn--gschi-graa.ch\/wp-content\/uploads\/2023\/08\/IMG_2440-225x300.jpg 225w, https:\/\/xn--gschi-graa.ch\/wp-content\/uploads\/2023\/08\/IMG_2440-768x1024.jpg 768w, https:\/\/xn--gschi-graa.ch\/wp-content\/uploads\/2023\/08\/IMG_2440-1152x1536.jpg 1152w, https:\/\/xn--gschi-graa.ch\/wp-content\/uploads\/2023\/08\/IMG_2440-1536x2048.jpg 1536w, https:\/\/xn--gschi-graa.ch\/wp-content\/uploads\/2023\/08\/IMG_2440-scaled.jpg 1920w\" sizes=\"auto, (max-width: 225px) 100vw, 225px\" \/><br \/>\n<\/a>G\u00e4\u00e4schi bedeutet im Valserdialekt &#8222;kleines altes Haus&#8220;. Auch unser G\u00e4\u00e4schi ist ein kleines altes Haus, bzw. vormals ein kleiner alter Stall den wir mit viel Liebe und einfachen Materialien zu einem kleinen Juwel ausgebaut haben. Wenn Sie ein spezielles aber doch luxuri\u00f6ses kleines Ferienhaus in Leis suchen und wissen, wie man mit einem liebevoll eingerichteten Zuhause umgeht, dann sind Sie bei uns genau richtig. Unmittelbar neben den Zumthor Ferienh\u00e4user sonnig gelegen mit Blick hinunter auf das Dorf Vals ist das G\u00e4\u00e4schi Leis perfekter Ausgangspunkt f\u00fcr Wanderungen insbesondere der beliebten Winter-und Sommerwanderung nach Zervreila. Direkt an der Talabfahrt gelegen erreicht man uns bei guten Schneeverh\u00e4ltnissen im Winter auch direkt aus dem Skigebiet.<\/p>\n<p>&nbsp;<\/p>\n<p><img loading=\"lazy\" decoding=\"async\" class=\"size-medium wp-image-387 alignright\" src=\"https:\/\/xn--gschi-graa.ch\/wp-content\/uploads\/2023\/08\/IMG_2441-300x225.jpg\" alt=\"\" width=\"300\" height=\"225\" srcset=\"https:\/\/xn--gschi-graa.ch\/wp-content\/uploads\/2023\/08\/IMG_2441-300x225.jpg 300w, https:\/\/xn--gschi-graa.ch\/wp-content\/uploads\/2023\/08\/IMG_2441-1024x768.jpg 1024w, https:\/\/xn--gschi-graa.ch\/wp-content\/uploads\/2023\/08\/IMG_2441-768x576.jpg 768w, https:\/\/xn--gschi-graa.ch\/wp-content\/uploads\/2023\/08\/IMG_2441-1536x1152.jpg 1536w, https:\/\/xn--gschi-graa.ch\/wp-content\/uploads\/2023\/08\/IMG_2441-2048x1536.jpg 2048w\" sizes=\"auto, (max-width: 300px) 100vw, 300px\" \/><br \/>\nDas G\u00e4\u00e4schi bietet Platz f\u00fcr 2-4 Personen. Es ist ein ideales Zuhause f\u00fcr 2 Erwachsene oder Eltern mit ihren jugendlichen Kindern (f\u00fcr Kleinkinder aufgrund der steilen Treppe nur bedingt geeignet.) F\u00fcr eine k\u00fcrzere Mietdauer oder etwas eingeschr\u00e4nkte Platzverh\u00e4ltnisse ist auch eine Belegung mit max. 4 Erwachsenen m\u00f6glich. Das gr\u00f6ssere Schlafzimmer im Untergeschoss ist mit einem Doppelbett (160x200cm) und einem grossen Einbauschrank ausgestattet. Im kleineren Zimmer im Untergeschoss gibt eine hochwertige Stapelliege von Zeitraum, welche sowohl als Sofa zum Verweilen als auch als zwei vollwertige Einzelbetten (je 90x200cm) gebraucht werden k\u00f6nnen. Dieser Raum ist ideal f\u00fcr 1-2 Personen. Weiter ist der kleine Schlafraum mit einer kleinen antiken Kommode zum schreiben, lesen oder arbeiten ausgestattet.<\/p>\n<p>Im Untergeschoss befindet sich auch das separate kleine WC sowie das in Valser Naturstein gehaltene Bad mit grosser komfortabler Dusche, welche auf Knopfdruck als herrliche Dampfdusche zum Entspannen und Aufw\u00e4rmen verwendet werden kann. WC und Dusche sind mit Bodenheizung ausgestattet.<\/p>\n<p>Weiter findet man im Untergeschoss einen kleinen Kellerraum mit Waschmaschine\/Tumbler. Der automatische Rika Pelletofen befindet sich freistehend vor dem Kellerraum und ist f\u00fcr eine wohlige W\u00e4rme im ganzen G\u00e4\u00e4schi zust\u00e4ndig.<\/p>\n<p><img loading=\"lazy\" decoding=\"async\" class=\"size-medium wp-image-390 alignleft\" src=\"https:\/\/xn--gschi-graa.ch\/wp-content\/uploads\/2023\/08\/luxus_ferienwohnung_leis_vals_5-300x200.jpg\" alt=\"\" width=\"300\" height=\"200\" srcset=\"https:\/\/xn--gschi-graa.ch\/wp-content\/uploads\/2023\/08\/luxus_ferienwohnung_leis_vals_5-300x200.jpg 300w, https:\/\/xn--gschi-graa.ch\/wp-content\/uploads\/2023\/08\/luxus_ferienwohnung_leis_vals_5-768x512.jpg 768w, https:\/\/xn--gschi-graa.ch\/wp-content\/uploads\/2023\/08\/luxus_ferienwohnung_leis_vals_5.jpg 800w\" sizes=\"auto, (max-width: 300px) 100vw, 300px\" \/><br \/>\n\u00dcber eine aufgrund der beschr\u00e4nkten Platzverh\u00e4ltnissen steile und enge Treppe (weniger geeignet f\u00fcr kleine Kinder oder gebrechliche Leute, siehe <a href=\"http:\/\/www.g\u00e4\u00e4schi.ch\/?page_id=276\">Impressionen<\/a>) gelangt man in den bis zum Dach offenen hellen Wohnraum. Hier findet man eine wunderbare gepolsterte Sitznische mit herrlicher Aussicht zum lesen, kuscheln und ausspannen. Zwei bequeme drehbare Sessel bieten weitere Sitzgelegenheiten. Am rustikalen K\u00fcchentisch mit Forest Designst\u00fchlen finden bis zu sechs Personen Platz. Die kleine, aber moderne und gut ausgestattete K\u00fcche (Abwaschmaschine, Combi Steamer, Nespresso Kaffeemaschine, Fonduecaquelon, Racletteofen) bietet alle Voraussetzungen f\u00fcr das kulinarische Verw\u00f6hnprogramm. Valser Mineralwasser sowie Nespresso Kaffee sind inklusive. Regenschirme und ein Wanderrucksack sind zur freien Benutzung vorhanden.<\/p>\n<p>Der Wohnraum verf\u00fcgt als schmuckes Extra \u00fcber einen kleinen feinen Balkon mit fantastischer Aussicht. An dunklen Winterabenden kann zudem der in schwarzem Stahl gehaltene Skandia Chemineeofen manuell eingefeuert werden. Das knisternde Holz und das flackernde Licht des Feuers tragen zur einmaligen H\u00fcttenromantik bei.<\/p>\n<p>Ein 3D Fernseher mit Swisscom TV, Festnetztelefon, Wireless Internet sowie die Sonos Musikanlage im ganzen Haus als auch ein I-Pad zur freien Benutzung geh\u00f6ren zur Ausstattung dazu.<\/p>\n<p><img loading=\"lazy\" decoding=\"async\" class=\"size-medium wp-image-392 alignright\" src=\"https:\/\/xn--gschi-graa.ch\/wp-content\/uploads\/2023\/08\/luxus_ferienwohnung_leis_vals_14-300x200.jpg\" alt=\"\" width=\"300\" height=\"200\" srcset=\"https:\/\/xn--gschi-graa.ch\/wp-content\/uploads\/2023\/08\/luxus_ferienwohnung_leis_vals_14-300x200.jpg 300w, https:\/\/xn--gschi-graa.ch\/wp-content\/uploads\/2023\/08\/luxus_ferienwohnung_leis_vals_14-768x512.jpg 768w, https:\/\/xn--gschi-graa.ch\/wp-content\/uploads\/2023\/08\/luxus_ferienwohnung_leis_vals_14.jpg 800w\" sizes=\"auto, (max-width: 300px) 100vw, 300px\" \/><br \/>\nBeim Bau wurde darauf geachtet, einheimische Materialien zu verwenden. So wurde haupts\u00e4chlich Fichtenholz verbaut. Die Zimmer im Untergeschoss verf\u00fcgen \u00fcber einen L\u00e4rchenboden. WC und Bad sind selbstverst\u00e4ndlich in einheimischem Valser Quarzit gehalten. Und die Steinplatten auf dem Dach sind in Vals ja sowieso ein Muss. Im oberen Geschoss wurde neben der konstruktiven Elemente aus Fichte viel wohlriechendes und gesundes Arvenholz verwendet.<\/p>\n<p>Vor und hinter dem Haus gibt es je einen kleinen Sitzplatz mit einer Bank (vor dem Haus) und einem Tisch mit dazugeh\u00f6rigen Sitzb\u00e4nken (hinter dem Haus).&nbsp;<\/p>\n<p>Das G\u00e4\u00e4schi hat alle Annehmlichkeiten, welche man sich von einem kleinen Ferienhaus in den Bergen w\u00fcnscht. Erst die einmalige Lage, die wunderbare Ruhe und die Verbundenheit zur Natur machen aus ihm aber eine absolutes Juwel \u00fcber dem Bergdorf Vals.<\/p>\n","protected":false},"excerpt":{"rendered":"<p>G\u00e4\u00e4schi bedeutet im Valserdialekt &#8222;kleines altes Haus&#8220;. Auch unser G\u00e4\u00e4schi ist ein kleines altes Haus, bzw. vormals ein kleiner alter Stall den wir mit viel Liebe und einfachen Materialien zu einem kleinen Juwel ausgebaut haben. Wenn Sie ein spezielles aber doch luxuri\u00f6ses kleines Ferienhaus in Leis suchen und wissen, wie&#8230;<\/p>\n","protected":false},"author":1,"featured_media":317,"parent":0,"menu_order":0,"comment_status":"closed","ping_status":"closed","template":"","meta":{"ngg_post_thumbnail":0,"footnotes":""},"class_list":["post-43","page","type-page","status-publish","has-post-thumbnail","hentry"],"_links":{"self":[{"href":"https:\/\/xn--gschi-graa.ch\/index.php?rest_route=\/wp\/v2\/pages\/43","targetHints":{"allow":["GET"]}}],"collection":[{"href":"https:\/\/xn--gschi-graa.ch\/index.php?rest_route=\/wp\/v2\/pages"}],"about":[{"href":"https:\/\/xn--gschi-graa.ch\/index.php?rest_route=\/wp\/v2\/types\/page"}],"author":[{"embeddable":true,"href":"https:\/\/xn--gschi-graa.ch\/index.php?rest_route=\/wp\/v2\/users\/1"}],"replies":[{"embeddable":true,"href":"https:\/\/xn--gschi-graa.ch\/index.php?rest_route=%2Fwp%2Fv2%2Fcomments&post=43"}],"version-history":[{"count":4,"href":"https:\/\/xn--gschi-graa.ch\/index.php?rest_route=\/wp\/v2\/pages\/43\/revisions"}],"predecessor-version":[{"id":393,"href":"https:\/\/xn--gschi-graa.ch\/index.php?rest_route=\/wp\/v2\/pages\/43\/revisions\/393"}],"wp:featuredmedia":[{"embeddable":true,"href":"https:\/\/xn--gschi-graa.ch\/index.php?rest_route=\/"}],"wp:attachment":[{"href":"https:\/\/xn--gschi-graa.ch\/index.php?rest_route=%2Fwp%2Fv2%2Fmedia&parent=43"}],"curies":[{"name":"wp","href":"https:\/\/api.w.org\/{rel}","templated":true}]}}