{"id":19,"date":"2015-04-12T21:46:13","date_gmt":"2015-04-12T19:46:13","guid":{"rendered":"http:\/\/www.hirmbar.ch\/leis\/?page_id=19"},"modified":"2026-01-18T17:55:23","modified_gmt":"2026-01-18T17:55:23","slug":"reservation","status":"publish","type":"page","link":"https:\/\/xn--gschi-graa.ch\/?page_id=19","title":{"rendered":"Preise &#038; Reservation"},"content":{"rendered":"<div>Unsere Preise variieren je nach Saison und Wochentag zwischen CHF 225 und CHF 350 pro Nacht. Der Minimalaufenthalt betr\u00e4gt 2 N\u00e4chte. Standard Belegung ist 2 Personen. Eine Belegung mit maximal 4 Personen ist m\u00f6glich (Mehrpreis CHF 25 pro Person\/Nacht). Endreinigung immer 150.-<\/div>\n<div>&nbsp;<\/div>\n<div>Preise sind alles inklusive (z.B. Taxen\/Abgaben, Bettw\u00e4sche, Frottew\u00e4sche, K\u00fcchenw\u00e4sche, Nespresso Kaffee, VALSER Mineralwasser, Autounterstand mit E-Ladestation (exkl. Stromkosten), Chemin\u00e9eholz etc.)<\/div>\n<div>&nbsp;<\/div>\n<div>Leider keine Haustiere erlaubt. Rauchen im Haus verboten.<\/div>\n<p>Unter dem unterstehenden Link&nbsp;finden Sie sowohl die Verf\u00fcgbarkeit als auch die Preise. Ihre Buchung ist erst g\u00fcltig, wenn Sie von uns schriftlich oder per E-Mail best\u00e4tigt wurde.<\/p>\n<p><a href=\"https:\/\/vals.ch\/uebernachten\/ferienwohnungen\/#\/unterkuenfte\/SUR\/186f107a-49a9-43d2-acf2-cb0f06423da7\/gaeaeschi-leis?useDetailSearch=true\" target=\"_blank\" rel=\"noopener noreferrer\">G\u00e4\u00e4schi Leis &#8211; Infos Visit Vals und Buchung<\/a><\/p>\n\n\n<p>Bester Preis immer bei <strong>DIREKTBUCHUNG<\/strong> bzw. Anfrage \u00fcber den obenstehendes Link! (Buchungsportale wie beispielsweise AIRBNB, Booking.com etc. berechnen hohe Kommissionen welche der Gast tr\u00e4gt. <\/p>\n\n\n\n<p>Belegungskalender:<\/p>\n\n\n<p><iframe loading=\"lazy\" src=\"https:\/\/widget.fewomanager.cloud\/calendar\/073-816-394\" width=\"100%;\" height=\"750px\" frameborder=\"0\"><\/iframe><\/p>","protected":false},"excerpt":{"rendered":"<p>Unsere Preise variieren je nach Saison und Wochentag zwischen CHF 225 und CHF 350 pro Nacht. Der Minimalaufenthalt betr\u00e4gt 2 N\u00e4chte. Standard Belegung ist 2 Personen. Eine Belegung mit maximal 4 Personen ist m\u00f6glich (Mehrpreis CHF 25 pro Person\/Nacht). Endreinigung immer 150.- &nbsp; Preise sind alles inklusive (z.B. Taxen\/Abgaben, Bettw\u00e4sche,&#8230;<\/p>\n","protected":false},"author":1,"featured_media":0,"parent":0,"menu_order":0,"comment_status":"closed","ping_status":"closed","template":"","meta":{"ngg_post_thumbnail":0,"footnotes":""},"class_list":["post-19","page","type-page","status-publish","hentry"],"_links":{"self":[{"href":"https:\/\/xn--gschi-graa.ch\/index.php?rest_route=\/wp\/v2\/pages\/19","targetHints":{"allow":["GET"]}}],"collection":[{"href":"https:\/\/xn--gschi-graa.ch\/index.php?rest_route=\/wp\/v2\/pages"}],"about":[{"href":"https:\/\/xn--gschi-graa.ch\/index.php?rest_route=\/wp\/v2\/types\/page"}],"author":[{"embeddable":true,"href":"https:\/\/xn--gschi-graa.ch\/index.php?rest_route=\/wp\/v2\/users\/1"}],"replies":[{"embeddable":true,"href":"https:\/\/xn--gschi-graa.ch\/index.php?rest_route=%2Fwp%2Fv2%2Fcomments&post=19"}],"version-history":[{"count":4,"href":"https:\/\/xn--gschi-graa.ch\/index.php?rest_route=\/wp\/v2\/pages\/19\/revisions"}],"predecessor-version":[{"id":438,"href":"https:\/\/xn--gschi-graa.ch\/index.php?rest_route=\/wp\/v2\/pages\/19\/revisions\/438"}],"wp:attachment":[{"href":"https:\/\/xn--gschi-graa.ch\/index.php?rest_route=%2Fwp%2Fv2%2Fmedia&parent=19"}],"curies":[{"name":"wp","href":"https:\/\/api.w.org\/{rel}","templated":true}]}}